{"id":886,"date":"2017-10-11T09:18:08","date_gmt":"2017-10-11T08:18:08","guid":{"rendered":"https:\/\/www.tuv-skoleni.cz\/skoleni-systemu-rizeni\/?page_id=886"},"modified":"2017-10-11T09:35:46","modified_gmt":"2017-10-11T08:35:46","slug":"vop","status":"publish","type":"page","link":"https:\/\/www.tuv-skoleni.cz\/skoleni-systemu-rizeni\/vop\/","title":{"rendered":"Obchodn\u00ed podm\u00ednky"},"content":{"rendered":"<p>V\u0161eobecn\u00e9 obchodn\u00ed podm\u00ednky v PDF form\u00e1tu si p\u0159e\u010dtete zde: <a href=\"https:\/\/www.tuv-skoleni.cz\/skoleni-systemu-rizeni\/wp-content\/uploads\/2017\/10\/VSEOBECNE-PODMINKY_TUV-NORD.pdf\">VSEOBECNE PODMINKY_TUV NORD<\/a><\/p>\n","protected":false},"excerpt":{"rendered":"<p>V\u0161eobecn\u00e9 obchodn\u00ed podm\u00ednky v PDF form\u00e1tu si p\u0159e\u010dtete zde: VSEOBECNE PODMINKY_TUV NORD<\/p>\n","protected":false},"author":1,"featured_media":0,"parent":0,"menu_order":0,"comment_status":"closed","ping_status":"closed","template":"","meta":{"_et_pb_use_builder":"","_et_pb_old_content":"","_et_gb_content_width":"","inline_featured_image":false,"_exactmetrics_skip_tracking":false,"_exactmetrics_sitenote_active":false,"_exactmetrics_sitenote_note":"","_exactmetrics_sitenote_category":0,"footnotes":""},"class_list":["post-886","page","type-page","status-publish","hentry"],"_links":{"self":[{"href":"https:\/\/www.tuv-skoleni.cz\/skoleni-systemu-rizeni\/wp-json\/wp\/v2\/pages\/886","targetHints":{"allow":["GET"]}}],"collection":[{"href":"https:\/\/www.tuv-skoleni.cz\/skoleni-systemu-rizeni\/wp-json\/wp\/v2\/pages"}],"about":[{"href":"https:\/\/www.tuv-skoleni.cz\/skoleni-systemu-rizeni\/wp-json\/wp\/v2\/types\/page"}],"author":[{"embeddable":true,"href":"https:\/\/www.tuv-skoleni.cz\/skoleni-systemu-rizeni\/wp-json\/wp\/v2\/users\/1"}],"replies":[{"embeddable":true,"href":"https:\/\/www.tuv-skoleni.cz\/skoleni-systemu-rizeni\/wp-json\/wp\/v2\/comments?post=886"}],"version-history":[{"count":3,"href":"https:\/\/www.tuv-skoleni.cz\/skoleni-systemu-rizeni\/wp-json\/wp\/v2\/pages\/886\/revisions"}],"predecessor-version":[{"id":894,"href":"https:\/\/www.tuv-skoleni.cz\/skoleni-systemu-rizeni\/wp-json\/wp\/v2\/pages\/886\/revisions\/894"}],"wp:attachment":[{"href":"https:\/\/www.tuv-skoleni.cz\/skoleni-systemu-rizeni\/wp-json\/wp\/v2\/media?parent=886"}],"curies":[{"name":"wp","href":"https:\/\/api.w.org\/{rel}","templated":true}]}}